{"id":117,"date":"2018-03-18T12:20:24","date_gmt":"2018-03-18T11:20:24","guid":{"rendered":"http:\/\/www.loicdequidt.com\/?page_id=117"},"modified":"2024-08-16T22:24:02","modified_gmt":"2024-08-16T20:24:02","slug":"projects","status":"publish","type":"page","link":"https:\/\/www.loicdequidt.com\/?page_id=117","title":{"rendered":"Projects"},"content":{"rendered":"\n<p><a href=\"https:\/\/www.loicdequidt.com\/?page_id=2\">Lo\u00efc Dequidt Quintet feat. Staffan Svensson &amp; Tommy Smith<\/a><\/p>\n\n\n\n<p><a href=\"https:\/\/www.loicdequidt.com\/?page_id=121\">Lo\u00efc Dequidt Ensemble<\/a><\/p>\n\n\n\n<p><a href=\"http:\/\/www.theopposite.se\" target=\"_blank\" rel=\"noopener noreferrer\">The Opposite<\/a><\/p>\n\n\n\n<p><a href=\"https:\/\/www.loicdequidt.com\/?page_id=130\">Lo\u00efc Dequidt Trio and Quartet<\/a><\/p>\n\n\n\n<figure class=\"wp-block-image size-large\"><img loading=\"lazy\" decoding=\"async\" width=\"1024\" height=\"245\" src=\"https:\/\/www.loicdequidt.com\/wp-content\/uploads\/2018\/03\/cropped-The-Opposite-2-1024x245.jpg\" alt=\"\" class=\"wp-image-413\" srcset=\"https:\/\/www.loicdequidt.com\/wp-content\/uploads\/2018\/03\/cropped-The-Opposite-2-1024x245.jpg 1024w, https:\/\/www.loicdequidt.com\/wp-content\/uploads\/2018\/03\/cropped-The-Opposite-2-300x72.jpg 300w, https:\/\/www.loicdequidt.com\/wp-content\/uploads\/2018\/03\/cropped-The-Opposite-2-768x184.jpg 768w, https:\/\/www.loicdequidt.com\/wp-content\/uploads\/2018\/03\/cropped-The-Opposite-2-750x179.jpg 750w, https:\/\/www.loicdequidt.com\/wp-content\/uploads\/2018\/03\/cropped-The-Opposite-2.jpg 1920w\" sizes=\"auto, (max-width: 1024px) 100vw, 1024px\" \/><\/figure>\n\n\n\n<p><\/p>\n","protected":false},"excerpt":{"rendered":"<p>Lo\u00efc Dequidt Quintet feat. Staffan Svensson &amp; Tommy Smith Lo\u00efc Dequidt Ensemble The Opposite Lo\u00efc Dequidt Trio and Quartet<\/p>\n","protected":false},"author":1,"featured_media":0,"parent":0,"menu_order":0,"comment_status":"closed","ping_status":"closed","template":"","meta":{"footnotes":""},"class_list":["post-117","page","type-page","status-publish","hentry"],"_links":{"self":[{"href":"https:\/\/www.loicdequidt.com\/index.php?rest_route=\/wp\/v2\/pages\/117","targetHints":{"allow":["GET"]}}],"collection":[{"href":"https:\/\/www.loicdequidt.com\/index.php?rest_route=\/wp\/v2\/pages"}],"about":[{"href":"https:\/\/www.loicdequidt.com\/index.php?rest_route=\/wp\/v2\/types\/page"}],"author":[{"embeddable":true,"href":"https:\/\/www.loicdequidt.com\/index.php?rest_route=\/wp\/v2\/users\/1"}],"replies":[{"embeddable":true,"href":"https:\/\/www.loicdequidt.com\/index.php?rest_route=%2Fwp%2Fv2%2Fcomments&post=117"}],"version-history":[{"count":12,"href":"https:\/\/www.loicdequidt.com\/index.php?rest_route=\/wp\/v2\/pages\/117\/revisions"}],"predecessor-version":[{"id":1043,"href":"https:\/\/www.loicdequidt.com\/index.php?rest_route=\/wp\/v2\/pages\/117\/revisions\/1043"}],"wp:attachment":[{"href":"https:\/\/www.loicdequidt.com\/index.php?rest_route=%2Fwp%2Fv2%2Fmedia&parent=117"}],"curies":[{"name":"wp","href":"https:\/\/api.w.org\/{rel}","templated":true}]}}