{"id":243,"date":"2018-03-18T13:42:51","date_gmt":"2018-03-18T12:42:51","guid":{"rendered":"http:\/\/www.loicdequidt.com\/?page_id=243"},"modified":"2024-12-05T11:48:43","modified_gmt":"2024-12-05T10:48:43","slug":"pictures","status":"publish","type":"page","link":"https:\/\/www.loicdequidt.com\/?page_id=243","title":{"rendered":"Pictures"},"content":{"rendered":"<p><a href=\"https:\/\/www.loicdequidt.com\/?page_id=313\">Lo\u00efc Dequidt Ensemble by Emma Watson<\/a><\/p>\n<p><a href=\"https:\/\/www.loicdequidt.com\/?page_id=248\">Lo\u00efc Dequidt Ensemble by Johnny Teyssier<\/a><\/p>\n<p><a href=\"https:\/\/www.loicdequidt.com\/?page_id=238\">The Opposite<\/a><\/p>\n<p><a href=\"https:\/\/www.loicdequidt.com\/?page_id=286\">Lo\u00efc Dequidt by Emma Watson<\/a><\/p>\n<p><a href=\"https:\/\/www.loicdequidt.com\/?page_id=1086\">Lo\u00efc Dequidt Quintet &#8211; November 2024<\/a><\/p>\n","protected":false},"excerpt":{"rendered":"<p>Lo\u00efc Dequidt Ensemble by Emma Watson Lo\u00efc Dequidt Ensemble by Johnny Teyssier The Opposite Lo\u00efc Dequidt by Emma Watson Lo\u00efc Dequidt Quintet &#8211; November 2024<\/p>\n","protected":false},"author":1,"featured_media":0,"parent":0,"menu_order":0,"comment_status":"closed","ping_status":"closed","template":"","meta":{"footnotes":""},"class_list":["post-243","page","type-page","status-publish","hentry"],"_links":{"self":[{"href":"https:\/\/www.loicdequidt.com\/index.php?rest_route=\/wp\/v2\/pages\/243","targetHints":{"allow":["GET"]}}],"collection":[{"href":"https:\/\/www.loicdequidt.com\/index.php?rest_route=\/wp\/v2\/pages"}],"about":[{"href":"https:\/\/www.loicdequidt.com\/index.php?rest_route=\/wp\/v2\/types\/page"}],"author":[{"embeddable":true,"href":"https:\/\/www.loicdequidt.com\/index.php?rest_route=\/wp\/v2\/users\/1"}],"replies":[{"embeddable":true,"href":"https:\/\/www.loicdequidt.com\/index.php?rest_route=%2Fwp%2Fv2%2Fcomments&post=243"}],"version-history":[{"count":8,"href":"https:\/\/www.loicdequidt.com\/index.php?rest_route=\/wp\/v2\/pages\/243\/revisions"}],"predecessor-version":[{"id":1112,"href":"https:\/\/www.loicdequidt.com\/index.php?rest_route=\/wp\/v2\/pages\/243\/revisions\/1112"}],"wp:attachment":[{"href":"https:\/\/www.loicdequidt.com\/index.php?rest_route=%2Fwp%2Fv2%2Fmedia&parent=243"}],"curies":[{"name":"wp","href":"https:\/\/api.w.org\/{rel}","templated":true}]}}