{"id":52,"date":"2018-03-17T23:47:15","date_gmt":"2018-03-17T22:47:15","guid":{"rendered":"http:\/\/www.loicdequidt.com\/?page_id=52"},"modified":"2026-01-30T11:39:37","modified_gmt":"2026-01-30T10:39:37","slug":"media","status":"publish","type":"page","link":"https:\/\/www.loicdequidt.com\/?page_id=52","title":{"rendered":"Media"},"content":{"rendered":"<p><iframe loading=\"lazy\" title=\"Lo\u00efc Dequidt Quartet with Staffan Svensson - Ilama llama (Yemeni trad.)\" width=\"1040\" height=\"585\" src=\"https:\/\/www.youtube.com\/embed\/C3S7Fz9Quno?feature=oembed\" frameborder=\"0\" allow=\"accelerometer; autoplay; clipboard-write; encrypted-media; gyroscope; picture-in-picture; web-share\" referrerpolicy=\"strict-origin-when-cross-origin\" allowfullscreen><\/iframe><\/p>\n<p><iframe loading=\"lazy\" title=\"It Is What It Is\" width=\"1040\" height=\"585\" src=\"https:\/\/www.youtube.com\/embed\/KdGf-w9oRx4?feature=oembed\" frameborder=\"0\" allow=\"accelerometer; autoplay; clipboard-write; encrypted-media; gyroscope; picture-in-picture; web-share\" referrerpolicy=\"strict-origin-when-cross-origin\" allowfullscreen><\/iframe><\/p>\n<p><iframe loading=\"lazy\" title=\"Liten visa till Sophia\" width=\"1040\" height=\"585\" src=\"https:\/\/www.youtube.com\/embed\/iP7KabJLGZA?feature=oembed\" frameborder=\"0\" allow=\"accelerometer; autoplay; clipboard-write; encrypted-media; gyroscope; picture-in-picture; web-share\" referrerpolicy=\"strict-origin-when-cross-origin\" allowfullscreen><\/iframe><\/p>\n<p><iframe loading=\"lazy\" title=\"McHache\" width=\"1040\" height=\"585\" src=\"https:\/\/www.youtube.com\/embed\/fot11ejYQ6g?feature=oembed\" frameborder=\"0\" allow=\"accelerometer; autoplay; clipboard-write; encrypted-media; gyroscope; picture-in-picture; web-share\" referrerpolicy=\"strict-origin-when-cross-origin\" allowfullscreen><\/iframe><\/p>\n<p><iframe loading=\"lazy\" title=\"By no means!\" src=\"https:\/\/player.vimeo.com\/video\/53207720?dnt=1&amp;app_id=122963\" width=\"1040\" height=\"585\" frameborder=\"0\" allow=\"autoplay; fullscreen; picture-in-picture; clipboard-write; encrypted-media; web-share\" referrerpolicy=\"strict-origin-when-cross-origin\"><\/iframe><\/p>\n<p><iframe loading=\"lazy\" title=\"Gods &amp; Goods\" src=\"https:\/\/player.vimeo.com\/video\/48094249?dnt=1&amp;app_id=122963\" width=\"1040\" height=\"585\" frameborder=\"0\" allow=\"autoplay; fullscreen; picture-in-picture; clipboard-write; encrypted-media; web-share\" referrerpolicy=\"strict-origin-when-cross-origin\"><\/iframe><\/p>\n<p>&nbsp;<\/p>\n<p><strong>Nordique &#8211; live @ Dunkers 2011<\/strong><\/p>\n<audio class=\"wp-audio-shortcode\" id=\"audio-52-1\" preload=\"none\" style=\"width: 100%;\" controls=\"controls\"><source type=\"audio\/mpeg\" src=\"https:\/\/www.loicdequidt.com\/wp-content\/uploads\/2025\/10\/Loic-Dequidt-Quartet-Dunkers-Nordique.mp3?_=1\" \/><a href=\"https:\/\/www.loicdequidt.com\/wp-content\/uploads\/2025\/10\/Loic-Dequidt-Quartet-Dunkers-Nordique.mp3\">https:\/\/www.loicdequidt.com\/wp-content\/uploads\/2025\/10\/Loic-Dequidt-Quartet-Dunkers-Nordique.mp3<\/a><\/audio>\n<p>&nbsp;<\/p>\n<p><strong>Harris Tweed &#8211; live @ Dunkers 2011<\/strong><\/p>\n<audio class=\"wp-audio-shortcode\" id=\"audio-52-2\" preload=\"none\" style=\"width: 100%;\" controls=\"controls\"><source type=\"audio\/mpeg\" src=\"https:\/\/www.loicdequidt.com\/wp-content\/uploads\/2025\/10\/Loic-Dequidt-Quartet-Dunkers-Harris-Tweed.mp3?_=2\" \/><a href=\"https:\/\/www.loicdequidt.com\/wp-content\/uploads\/2025\/10\/Loic-Dequidt-Quartet-Dunkers-Harris-Tweed.mp3\">https:\/\/www.loicdequidt.com\/wp-content\/uploads\/2025\/10\/Loic-Dequidt-Quartet-Dunkers-Harris-Tweed.mp3<\/a><\/audio>\n<p>&nbsp;<\/p>\n<p><strong>Ilama Ilama &#8211; live @ Glenn Miller Caf\u00e9 2010<\/strong><\/p>\n<audio class=\"wp-audio-shortcode\" id=\"audio-52-3\" preload=\"none\" style=\"width: 100%;\" controls=\"controls\"><source type=\"audio\/mpeg\" src=\"https:\/\/www.loicdequidt.com\/wp-content\/uploads\/2025\/10\/Day1-Set2-1-IlamaIlama.mp3?_=3\" \/><a href=\"https:\/\/www.loicdequidt.com\/wp-content\/uploads\/2025\/10\/Day1-Set2-1-IlamaIlama.mp3\">https:\/\/www.loicdequidt.com\/wp-content\/uploads\/2025\/10\/Day1-Set2-1-IlamaIlama.mp3<\/a><\/audio>\n<p>&nbsp;<\/p>\n<p><strong>2 new compositions &#8211; Lo\u00efc Dequidt Quintet &#8211; live @ Jazz i Malm\u00f6 \/ Inkonst 2024<\/strong><\/p>\n<audio class=\"wp-audio-shortcode\" id=\"audio-52-4\" preload=\"none\" style=\"width: 100%;\" controls=\"controls\"><source type=\"audio\/mpeg\" src=\"https:\/\/www.loicdequidt.com\/wp-content\/uploads\/2026\/01\/LD5-pa-Inkonst.mp3?_=4\" \/><a href=\"https:\/\/www.loicdequidt.com\/wp-content\/uploads\/2026\/01\/LD5-pa-Inkonst.mp3\">https:\/\/www.loicdequidt.com\/wp-content\/uploads\/2026\/01\/LD5-pa-Inkonst.mp3<\/a><\/audio>\n\n\n<p><\/p>\n\n\n\n<p><\/p>\n\n\n\n<p><\/p>\n\n\n\n<p><\/p>\n","protected":false},"excerpt":{"rendered":"<p>&nbsp; Nordique &#8211; live @ Dunkers 2011 &nbsp; Harris Tweed &#8211; live @ Dunkers 2011 &nbsp; Ilama Ilama &#8211; live @ Glenn Miller Caf\u00e9 2010 &nbsp; 2 new compositions &#8211; Lo\u00efc Dequidt Quintet &#8211; live @ Jazz i Malm\u00f6 \/ Inkonst 2024<\/p>\n","protected":false},"author":1,"featured_media":0,"parent":0,"menu_order":0,"comment_status":"closed","ping_status":"closed","template":"","meta":{"footnotes":""},"class_list":["post-52","page","type-page","status-publish","hentry"],"_links":{"self":[{"href":"https:\/\/www.loicdequidt.com\/index.php?rest_route=\/wp\/v2\/pages\/52","targetHints":{"allow":["GET"]}}],"collection":[{"href":"https:\/\/www.loicdequidt.com\/index.php?rest_route=\/wp\/v2\/pages"}],"about":[{"href":"https:\/\/www.loicdequidt.com\/index.php?rest_route=\/wp\/v2\/types\/page"}],"author":[{"embeddable":true,"href":"https:\/\/www.loicdequidt.com\/index.php?rest_route=\/wp\/v2\/users\/1"}],"replies":[{"embeddable":true,"href":"https:\/\/www.loicdequidt.com\/index.php?rest_route=%2Fwp%2Fv2%2Fcomments&post=52"}],"version-history":[{"count":13,"href":"https:\/\/www.loicdequidt.com\/index.php?rest_route=\/wp\/v2\/pages\/52\/revisions"}],"predecessor-version":[{"id":1154,"href":"https:\/\/www.loicdequidt.com\/index.php?rest_route=\/wp\/v2\/pages\/52\/revisions\/1154"}],"wp:attachment":[{"href":"https:\/\/www.loicdequidt.com\/index.php?rest_route=%2Fwp%2Fv2%2Fmedia&parent=52"}],"curies":[{"name":"wp","href":"https:\/\/api.w.org\/{rel}","templated":true}]}}