{"id":85,"date":"2018-03-17T23:17:19","date_gmt":"2018-03-17T22:17:19","guid":{"rendered":"http:\/\/www.loicdequidt.com\/?page_id=2"},"modified":"2024-10-11T22:01:33","modified_gmt":"2024-10-11T20:01:33","slug":"loic-dequidt-quintet-feat-staffan-svensson-tommy-smith","status":"publish","type":"page","link":"https:\/\/www.loicdequidt.com\/?page_id=85","title":{"rendered":"Lo\u00efc Dequidt Quintet feat. Staffan Svensson &amp; Joakim Milder"},"content":{"rendered":"<p>Franske pianisten Lo\u00efc Dequidts kvartett ut\u00f6kas till en kvintett genom att bjuda in Joakim Milder. Kvintetten best\u00e5r ut\u00f6ver Lo\u00efc av ett av Sveriges absolut b\u00e4sta och mest hopspelade komp (Mattias Hjorth och Peter Nilsson) och tv\u00e5 enast\u00e5ende solister (Joakim Milder och Staffan Svensson). De spelar Lo\u00efcs kompositioner, jazz med en europeisk identitet och v\u00e4rldsinfluenser, meditativ och full av r\u00e5energi.<\/p>\n<p>Staffan Svensson &#8211; trumpet<br \/>Joakim Milder &#8211; saxofon<br \/>Lo\u00efc Dequidt &#8211; piano<br \/>Mattias Hjorth &#8211; kontrabas<br \/>Peter Nilsson &#8211; trummor<\/p>\n<p>Joakim Milder \u00e4r en av Sveriges absolut fr\u00e4msta saxofonister och en stark r\u00f6st i den svenska och skandinaviska jazzen, som bandledare, sideman, komposit\u00f6r, arrang\u00f6r och producent. Han har ocks\u00e5 en rik diskografi. Joakim har turnerat runt om i v\u00e4rlden med egna band och spelat med musiker som Bobo Stenson, Palle Danielsson, Tomasz Stanko, Marilyn Mazur och Monica Zetterlund &#8211; f\u00f6r att bara n\u00e4mna n\u00e5gra &#8211; och \u00e4r sedan 2013 konstn\u00e4rlig ledare f\u00f6r Norrbotten Big Band.<\/p>\n<p>Staffan Svensson \u00e4r sedan \u00f6ver 3 decennier en stark r\u00f6st i det skandinaviska musiklandskapet, aktiv i en bredd av sammanhand s\u00e5som jazz, improviserad musik, akustisk eller elektronika, experimentell musik, multimedia, med k\u00f6r, kammarensembler eller dans. Han har varit medlem i Entra, Surge och Oslo 13 och spelat med Anders Jormin, Palle Danielsson,\u00a0 Bobo Stenson, Audun Kleive, Jon Balke, Jon Christensen, Andrew Hill, Steve Swallow m.m.<\/p>\n<p>Lo\u00efc Dequidt har studerat jazz med n\u00e5gra av Italiens och Frankrikes b\u00e4sta musiker, i Siena och Paris. Han har ocks\u00e5 utvecklat ett stort intresse och studerat nord- och sydindisk klassisk musik med framst\u00e5ende musiker i respektive stilar. Hans musik, improvisationer och kompositioner \u00e4r allts\u00e5 influerade av s\u00e5v\u00e4l Herbie Hancock, John Coltrane och Maurice Ravel som indisk musik, skandinavisk jazz och m\u00e4nniskorna han spelat med under \u00e5ren. Lo\u00efc har turnerat i bl.a. Frankrike, Italien, Tyskland, Sverige, Yemen, Etiopien, Marocko, Skottland, Belgien och Danmark och spelat med Tommy Smith, Furio di Castri, Claus St\u00f6tter, Riccardo del Fra, Bill Goodwin och Albert Mangelsdorff m.m.<\/p>\n<p>Mattias Hjorths melodi\u00f6sa och lyh\u00f6rda basspel h\u00f6rs i m\u00e5nga konstellationer av vilka de mest aktuella \u00e4r Plunge, Lo\u00efc Dequidt Trio\/Quartet, Andreas Andersson Sextett &#8211; To Become, Almaz Yebio Twist &amp; Shout och AVA. Han har ocks\u00e5 spelat med en l\u00e5ng rad svenska och internationella storheter inom jazz- och improvisationsmusikf\u00e4ltet med konserter b\u00e5de i och utanf\u00f6r Sverige.<\/p>\n<p>Peter Nilsson har l\u00e5ng erfarenhet som frilansande musiker och har spelat med m\u00e5nga stora namn inom jazzen. Han har turnerat flitigt b\u00e5de nationellt och internationellt och medverkar p\u00e5 en l\u00e5ng rad skivinspelningar. Peter h\u00f6rs bl.a. i grupperna Plunge, Almaz Yebio Twist &#8216;n&#8217; shout, Anders Nilsson\u2019s AORTA samt med pianisten Cecilia Persson.<\/p>\n<p><a href=\"https:\/\/vimeo.com\/channels\/LoicDequidtEnsemble\">https:\/\/vimeo.com\/channels\/LoicDequidtEnsemble<\/a><br \/><a href=\"https:\/\/soundcloud.com\/loicdequidt\/sets\/ld4nomade\">https:\/\/soundcloud.com\/loicdequidt\/sets\/ld4nomade<\/a><\/p>\n\n\n<figure class=\"wp-block-gallery has-nested-images columns-default is-cropped wp-block-gallery-1 is-layout-flex wp-block-gallery-is-layout-flex\">\n<figure class=\"wp-block-image size-large\"><img loading=\"lazy\" decoding=\"async\" width=\"683\" height=\"1024\" data-id=\"1080\" src=\"https:\/\/www.loicdequidt.com\/wp-content\/uploads\/2024\/10\/Joakim-Milder-\u00a9-Mats-Aleklint-683x1024.jpg\" alt=\"\" class=\"wp-image-1080\" srcset=\"https:\/\/www.loicdequidt.com\/wp-content\/uploads\/2024\/10\/Joakim-Milder-\u00a9-Mats-Aleklint-683x1024.jpg 683w, https:\/\/www.loicdequidt.com\/wp-content\/uploads\/2024\/10\/Joakim-Milder-\u00a9-Mats-Aleklint-200x300.jpg 200w, https:\/\/www.loicdequidt.com\/wp-content\/uploads\/2024\/10\/Joakim-Milder-\u00a9-Mats-Aleklint-768x1151.jpg 768w, https:\/\/www.loicdequidt.com\/wp-content\/uploads\/2024\/10\/Joakim-Milder-\u00a9-Mats-Aleklint-1025x1536.jpg 1025w, https:\/\/www.loicdequidt.com\/wp-content\/uploads\/2024\/10\/Joakim-Milder-\u00a9-Mats-Aleklint-1366x2048.jpg 1366w, https:\/\/www.loicdequidt.com\/wp-content\/uploads\/2024\/10\/Joakim-Milder-\u00a9-Mats-Aleklint-750x1124.jpg 750w, https:\/\/www.loicdequidt.com\/wp-content\/uploads\/2024\/10\/Joakim-Milder-\u00a9-Mats-Aleklint-scaled.jpg 1708w\" sizes=\"auto, (max-width: 683px) 100vw, 683px\" \/><\/figure>\n\n\n\n<figure class=\"wp-block-image size-large\"><img loading=\"lazy\" decoding=\"async\" width=\"1024\" height=\"683\" data-id=\"1027\" src=\"https:\/\/www.loicdequidt.com\/wp-content\/uploads\/2024\/08\/Loic-Dequidt-Quartet-2-1-1024x683.jpg\" alt=\"\" class=\"wp-image-1027\" srcset=\"https:\/\/www.loicdequidt.com\/wp-content\/uploads\/2024\/08\/Loic-Dequidt-Quartet-2-1-1024x683.jpg 1024w, https:\/\/www.loicdequidt.com\/wp-content\/uploads\/2024\/08\/Loic-Dequidt-Quartet-2-1-300x200.jpg 300w, https:\/\/www.loicdequidt.com\/wp-content\/uploads\/2024\/08\/Loic-Dequidt-Quartet-2-1-768x512.jpg 768w, https:\/\/www.loicdequidt.com\/wp-content\/uploads\/2024\/08\/Loic-Dequidt-Quartet-2-1-1536x1024.jpg 1536w, https:\/\/www.loicdequidt.com\/wp-content\/uploads\/2024\/08\/Loic-Dequidt-Quartet-2-1-2048x1365.jpg 2048w, https:\/\/www.loicdequidt.com\/wp-content\/uploads\/2024\/08\/Loic-Dequidt-Quartet-2-1-1568x1045.jpg 1568w\" sizes=\"auto, (max-width: 1024px) 100vw, 1024px\" \/><\/figure>\n\n\n\n<figure class=\"wp-block-image size-large\"><img loading=\"lazy\" decoding=\"async\" width=\"1005\" height=\"1024\" data-id=\"405\" src=\"https:\/\/www.loicdequidt.com\/wp-content\/uploads\/2018\/03\/cropped-IMGL3516-encore-plus-le\u0301ge\u0300re-1-1005x1024.jpg\" alt=\"\" class=\"wp-image-405\" srcset=\"https:\/\/www.loicdequidt.com\/wp-content\/uploads\/2018\/03\/cropped-IMGL3516-encore-plus-le\u0301ge\u0300re-1-1005x1024.jpg 1005w, https:\/\/www.loicdequidt.com\/wp-content\/uploads\/2018\/03\/cropped-IMGL3516-encore-plus-le\u0301ge\u0300re-1-294x300.jpg 294w, https:\/\/www.loicdequidt.com\/wp-content\/uploads\/2018\/03\/cropped-IMGL3516-encore-plus-le\u0301ge\u0300re-1-768x783.jpg 768w, https:\/\/www.loicdequidt.com\/wp-content\/uploads\/2018\/03\/cropped-IMGL3516-encore-plus-le\u0301ge\u0300re-1-750x764.jpg 750w, https:\/\/www.loicdequidt.com\/wp-content\/uploads\/2018\/03\/cropped-IMGL3516-encore-plus-le\u0301ge\u0300re-1.jpg 1920w\" sizes=\"auto, (max-width: 1005px) 100vw, 1005px\" \/><\/figure>\n<\/figure>\n","protected":false},"excerpt":{"rendered":"<p>Franske pianisten Lo\u00efc Dequidts kvartett ut\u00f6kas till en kvintett genom att bjuda in Joakim Milder. Kvintetten best\u00e5r ut\u00f6ver Lo\u00efc av ett av Sveriges absolut b\u00e4sta och mest hopspelade komp (Mattias Hjorth och Peter Nilsson) och tv\u00e5 enast\u00e5ende solister (Joakim Milder och Staffan Svensson). De spelar Lo\u00efcs kompositioner, jazz med en europeisk identitet och v\u00e4rldsinfluenser, meditativ [&hellip;]<\/p>\n","protected":false},"author":1,"featured_media":0,"parent":117,"menu_order":0,"comment_status":"closed","ping_status":"closed","template":"","meta":{"footnotes":""},"class_list":["post-85","page","type-page","status-publish","hentry"],"_links":{"self":[{"href":"https:\/\/www.loicdequidt.com\/index.php?rest_route=\/wp\/v2\/pages\/85","targetHints":{"allow":["GET"]}}],"collection":[{"href":"https:\/\/www.loicdequidt.com\/index.php?rest_route=\/wp\/v2\/pages"}],"about":[{"href":"https:\/\/www.loicdequidt.com\/index.php?rest_route=\/wp\/v2\/types\/page"}],"author":[{"embeddable":true,"href":"https:\/\/www.loicdequidt.com\/index.php?rest_route=\/wp\/v2\/users\/1"}],"replies":[{"embeddable":true,"href":"https:\/\/www.loicdequidt.com\/index.php?rest_route=%2Fwp%2Fv2%2Fcomments&post=85"}],"version-history":[{"count":4,"href":"https:\/\/www.loicdequidt.com\/index.php?rest_route=\/wp\/v2\/pages\/85\/revisions"}],"predecessor-version":[{"id":1081,"href":"https:\/\/www.loicdequidt.com\/index.php?rest_route=\/wp\/v2\/pages\/85\/revisions\/1081"}],"up":[{"embeddable":true,"href":"https:\/\/www.loicdequidt.com\/index.php?rest_route=\/wp\/v2\/pages\/117"}],"wp:attachment":[{"href":"https:\/\/www.loicdequidt.com\/index.php?rest_route=%2Fwp%2Fv2%2Fmedia&parent=85"}],"curies":[{"name":"wp","href":"https:\/\/api.w.org\/{rel}","templated":true}]}}